{"id":1067,"date":"2021-02-18T13:44:53","date_gmt":"2021-02-18T13:44:53","guid":{"rendered":"https:\/\/buffetrossello.panelserver.org\/localisation-et-contact\/"},"modified":"2023-06-28T12:40:11","modified_gmt":"2023-06-28T12:40:11","slug":"localisation-et-contact","status":"publish","type":"page","link":"https:\/\/buffetrossello.com\/fr\/localisation-et-contact\/","title":{"rendered":"Localisation et contact"},"content":{"rendered":"\t\t<div data-elementor-type=\"wp-page\" data-elementor-id=\"1067\" class=\"elementor elementor-1067 elementor-42\">\n\t\t\t\t\t\t<section class=\"elementor-section elementor-top-section elementor-element elementor-element-c0a2bb6 elementor-section-boxed elementor-section-height-default elementor-section-height-default\" data-id=\"c0a2bb6\" data-element_type=\"section\" data-settings=\"{&quot;background_background&quot;:&quot;classic&quot;}\">\n\t\t\t\t\t\t<div class=\"elementor-container elementor-column-gap-default\">\n\t\t\t\t\t<div class=\"elementor-column elementor-col-100 elementor-top-column elementor-element elementor-element-7e4af8bf\" data-id=\"7e4af8bf\" data-element_type=\"column\">\n\t\t\t<div class=\"elementor-widget-wrap elementor-element-populated\">\n\t\t\t\t\t\t<div class=\"elementor-element elementor-element-32921f54 elementor-widget elementor-widget-heading\" data-id=\"32921f54\" data-element_type=\"widget\" data-widget_type=\"heading.default\">\n\t\t\t\t<div class=\"elementor-widget-container\">\n\t\t\t<style>\/*! elementor - v3.20.0 - 26-03-2024 *\/\n.elementor-heading-title{padding:0;margin:0;line-height:1}.elementor-widget-heading .elementor-heading-title[class*=elementor-size-]>a{color:inherit;font-size:inherit;line-height:inherit}.elementor-widget-heading .elementor-heading-title.elementor-size-small{font-size:15px}.elementor-widget-heading .elementor-heading-title.elementor-size-medium{font-size:19px}.elementor-widget-heading .elementor-heading-title.elementor-size-large{font-size:29px}.elementor-widget-heading .elementor-heading-title.elementor-size-xl{font-size:39px}.elementor-widget-heading .elementor-heading-title.elementor-size-xxl{font-size:59px}<\/style><h3 class=\"elementor-heading-title elementor-size-default\">Commentaires et suggestions...<\/h3>\t\t<\/div>\n\t\t\t\t<\/div>\n\t\t\t\t<div class=\"elementor-element elementor-element-5fabed9b elementor-widget elementor-widget-heading\" data-id=\"5fabed9b\" data-element_type=\"widget\" data-widget_type=\"heading.default\">\n\t\t\t\t<div class=\"elementor-widget-container\">\n\t\t\t<div class=\"elementor-heading-title elementor-size-default\">Notre passion pour la nourriture nous incite \u00e0 proposer de nombreuses activit\u00e9s nouvelles, amusantes et passionnantes.\n  des plats d\u00e9licieux sur la table.<\/div>\t\t<\/div>\n\t\t\t\t<\/div>\n\t\t\t\t<div class=\"elementor-element elementor-element-39bf831d elementor-widget elementor-widget-shortcode\" data-id=\"39bf831d\" data-element_type=\"widget\" data-widget_type=\"shortcode.default\">\n\t\t\t\t<div class=\"elementor-widget-container\">\n\t\t\t\t\t<div class=\"elementor-shortcode\">\n<div class=\"wpcf7 no-js\" id=\"wpcf7-f1312-o1\" lang=\"en-US\" dir=\"ltr\">\n<div class=\"screen-reader-response\"><p role=\"status\" aria-live=\"polite\" aria-atomic=\"true\"><\/p> <ul><\/ul><\/div>\n<form action=\"\/fr\/wp-json\/wp\/v2\/pages\/1067#wpcf7-f1312-o1\" method=\"post\" class=\"wpcf7-form init\" aria-label=\"Contact form\" novalidate=\"novalidate\" data-status=\"init\">\n<div style=\"display: none;\">\n<input type=\"hidden\" name=\"_wpcf7\" value=\"1312\" \/>\n<input type=\"hidden\" name=\"_wpcf7_version\" value=\"5.7.7\" \/>\n<input type=\"hidden\" name=\"_wpcf7_locale\" value=\"en_US\" \/>\n<input type=\"hidden\" name=\"_wpcf7_unit_tag\" value=\"wpcf7-f1312-o1\" \/>\n<input type=\"hidden\" name=\"_wpcf7_container_post\" value=\"0\" \/>\n<input type=\"hidden\" name=\"_wpcf7_posted_data_hash\" value=\"\" \/>\n<\/div>\n<div class=\"contact-row\">\n\t<div class=\"contact-field\">\n\t\t<p><span class=\"wpcf7-form-control-wrap\" data-name=\"your-name\"><input size=\"40\" class=\"wpcf7-form-control wpcf7-text wpcf7-validates-as-required\" aria-required=\"true\" aria-invalid=\"false\" placeholder=\"Nom\" value=\"\" type=\"text\" name=\"your-name\" \/><\/span>\n\t\t<\/p>\n\t<\/div>\n\t<div class=\"contact-field\">\n\t\t<p><span class=\"wpcf7-form-control-wrap\" data-name=\"your-email\"><input size=\"40\" class=\"wpcf7-form-control wpcf7-text wpcf7-email wpcf7-validates-as-required wpcf7-validates-as-email\" aria-required=\"true\" aria-invalid=\"false\" placeholder=\"Email\" value=\"\" type=\"email\" name=\"your-email\" \/><\/span>\n\t\t<\/p>\n\t<\/div>\n<\/div>\n<div class=\"contact-row\">\n\t<div class=\"contact-field\">\n\t\t<p><span class=\"wpcf7-form-control-wrap\" data-name=\"your-empresa\"><input size=\"40\" class=\"wpcf7-form-control wpcf7-text\" aria-invalid=\"false\" placeholder=\"Empresa (opcional)\" value=\"\" type=\"text\" name=\"your-empresa\" \/><\/span>\n\t\t<\/p>\n\t<\/div>\n\t<div class=\"contact-field\">\n\t\t<p><span class=\"wpcf7-form-control-wrap\" data-name=\"your-phone\"><input size=\"40\" class=\"wpcf7-form-control wpcf7-text wpcf7-validates-as-required\" aria-required=\"true\" aria-invalid=\"false\" placeholder=\"Tel\u00e8fon\" value=\"\" type=\"text\" name=\"your-phone\" \/><\/span>\n\t\t<\/p>\n\t<\/div>\n<\/div>\n<div class=\"contact-row\">\n\t<div class=\"contact-field\">\n\t\t<p><span class=\"wpcf7-form-control-wrap\" data-name=\"your-message\"><textarea cols=\"40\" rows=\"10\" class=\"wpcf7-form-control wpcf7-textarea\" aria-invalid=\"false\" placeholder=\"Missatge\" name=\"your-message\"><\/textarea><\/span>\n\t\t<\/p>\n\t<\/div>\n<\/div>\n<p><span class=\"wpcf7-form-control-wrap\" data-name=\"RGPD\"><span class=\"wpcf7-form-control wpcf7-acceptance\"><span class=\"wpcf7-list-item\"><label><input type=\"checkbox\" name=\"RGPD\" value=\"1\" aria-invalid=\"false\" \/><span class=\"wpcf7-list-item-label\">Accepto la pol\u00edtica de privadessa.<\/span><\/label><\/span><\/span><\/span>\n<\/p>\n<p style=\"font-size:13px;line-height:15px;\"><br \/>\nTractem la informaci\u00f3 que ens facilita per enviar informaci\u00f3 relacionada amb els nostres productes i serveis per email o tel\u00e8fon. Les dades proporcionades es conservaran mentre no sol\u00b7liciti el cessament del tractament. Les dades no se cediran a tercers excepte en els casos en qu\u00e8 hi hagi una obligaci\u00f3 legal. Vost\u00e8 t\u00e9 dret a obtenir confirmaci\u00f3 sobre si a Buffet Rossell\u00f3 estem tractant les seves dades personals per tant t\u00e9 dret a accedir a les seves dades personals, rectificar les dades inexactes o sol\u00b7licitar la seva supressi\u00f3 quan les dades ja no siguin necess\u00e0ries per a les finalitats recollides. Per a m\u00e9s informaci\u00f3, reviseu la nostra pol\u00edtica de privadesa.\n<\/p>\n<p><input class=\"wpcf7-form-control has-spinner wpcf7-submit\" type=\"submit\" value=\"Envoyer un message\" \/>\n<\/p><div class=\"wpcf7-response-output\" aria-hidden=\"true\"><\/div>\n<\/form>\n<\/div>\n<\/div>\n\t\t\t\t<\/div>\n\t\t\t\t<\/div>\n\t\t\t\t\t<\/div>\n\t\t<\/div>\n\t\t\t\t\t<\/div>\n\t\t<\/section>\n\t\t\t\t<section class=\"elementor-section elementor-top-section elementor-element elementor-element-a6d907e elementor-section-full_width elementor-section-height-default elementor-section-height-default\" data-id=\"a6d907e\" data-element_type=\"section\" data-settings=\"{&quot;background_background&quot;:&quot;classic&quot;}\">\n\t\t\t\t\t\t<div class=\"elementor-container elementor-column-gap-default\">\n\t\t\t\t\t<div class=\"elementor-column elementor-col-100 elementor-top-column elementor-element elementor-element-0eb6596\" data-id=\"0eb6596\" data-element_type=\"column\">\n\t\t\t<div class=\"elementor-widget-wrap elementor-element-populated\">\n\t\t\t\t\t\t<div class=\"elementor-element elementor-element-eff965d elementor-widget elementor-widget-text-editor\" data-id=\"eff965d\" data-element_type=\"widget\" data-widget_type=\"text-editor.default\">\n\t\t\t\t<div class=\"elementor-widget-container\">\n\t\t\t<style>\/*! elementor - v3.20.0 - 26-03-2024 *\/\n.elementor-widget-text-editor.elementor-drop-cap-view-stacked .elementor-drop-cap{background-color:#69727d;color:#fff}.elementor-widget-text-editor.elementor-drop-cap-view-framed .elementor-drop-cap{color:#69727d;border:3px solid;background-color:transparent}.elementor-widget-text-editor:not(.elementor-drop-cap-view-default) .elementor-drop-cap{margin-top:8px}.elementor-widget-text-editor:not(.elementor-drop-cap-view-default) .elementor-drop-cap-letter{width:1em;height:1em}.elementor-widget-text-editor .elementor-drop-cap{float:left;text-align:center;line-height:1;font-size:50px}.elementor-widget-text-editor .elementor-drop-cap-letter{display:inline-block}<\/style>\t\t\t\t<p><iframe src=\"https:\/\/www.google.com\/maps\/embed?pb=!1m18!1m12!1m3!1d1471.6754840341962!2d2.8628812890252666!3d42.46282367150417!2m3!1f0!2f0!3f0!3m2!1i1024!2i768!4f13.1!3m3!1m2!1s0x12ba9c24692416dd%3A0x45d045830d410d77!2zUm9zc2VsbMOz!5e0!3m2!1ses!2ses!4v1687777137621!5m2!1ses!2ses\" width=\"100%\" height=\"450\" style=\"border:0;\" allowfullscreen=\"\" loading=\"lazy\" referrerpolicy=\"no-referrer-when-downgrade\"><\/iframe><\/p>\n\t\t\t\t\t\t<\/div>\n\t\t\t\t<\/div>\n\t\t\t\t\t<\/div>\n\t\t<\/div>\n\t\t\t\t\t<\/div>\n\t\t<\/section>\n\t\t\t\t<\/div>\n\t\t","protected":false},"excerpt":{"rendered":"<p>Commentaires et suggestions&#8230; Notre passion pour la nourriture nous incite \u00e0 proposer de nombreuses activit\u00e9s nouvelles, amusantes et passionnantes. des plats d\u00e9licieux sur la table.<\/p>\n","protected":false},"author":1,"featured_media":0,"parent":0,"menu_order":500,"comment_status":"closed","ping_status":"closed","template":"","meta":[],"yoast_head":"<!-- This site is optimized with the Yoast SEO plugin v19.13 - https:\/\/yoast.com\/wordpress\/plugins\/seo\/ -->\n<title>Localisation et contact - Buffet Rossello<\/title>\n<meta name=\"robots\" content=\"index, follow, max-snippet:-1, max-image-preview:large, max-video-preview:-1\" \/>\n<link rel=\"canonical\" href=\"https:\/\/buffetrossello.com\/fr\/localisation-et-contact\/\" \/>\n<meta property=\"og:locale\" content=\"fr_FR\" \/>\n<meta property=\"og:type\" content=\"article\" \/>\n<meta property=\"og:title\" content=\"Localisation et contact - Buffet Rossello\" \/>\n<meta property=\"og:description\" content=\"Commentaires et suggestions&#8230; Notre passion pour la nourriture nous incite \u00e0 proposer de nombreuses activit\u00e9s nouvelles, amusantes et passionnantes. des plats d\u00e9licieux sur la table.\" \/>\n<meta property=\"og:url\" content=\"https:\/\/buffetrossello.com\/fr\/localisation-et-contact\/\" \/>\n<meta property=\"og:site_name\" content=\"Buffet Rossello\" \/>\n<meta property=\"article:modified_time\" content=\"2023-06-28T12:40:11+00:00\" \/>\n<meta name=\"twitter:card\" content=\"summary_large_image\" \/>\n<script type=\"application\/ld+json\" class=\"yoast-schema-graph\">{\"@context\":\"https:\/\/schema.org\",\"@graph\":[{\"@type\":\"WebPage\",\"@id\":\"https:\/\/buffetrossello.com\/fr\/localisation-et-contact\/\",\"url\":\"https:\/\/buffetrossello.com\/fr\/localisation-et-contact\/\",\"name\":\"Localisation et contact - Buffet Rossello\",\"isPartOf\":{\"@id\":\"https:\/\/buffetrossello.com\/fr\/#website\"},\"datePublished\":\"2021-02-18T13:44:53+00:00\",\"dateModified\":\"2023-06-28T12:40:11+00:00\",\"breadcrumb\":{\"@id\":\"https:\/\/buffetrossello.com\/fr\/localisation-et-contact\/#breadcrumb\"},\"inLanguage\":\"fr-FR\",\"potentialAction\":[{\"@type\":\"ReadAction\",\"target\":[\"https:\/\/buffetrossello.com\/fr\/localisation-et-contact\/\"]}]},{\"@type\":\"BreadcrumbList\",\"@id\":\"https:\/\/buffetrossello.com\/fr\/localisation-et-contact\/#breadcrumb\",\"itemListElement\":[{\"@type\":\"ListItem\",\"position\":1,\"name\":\"Portada\",\"item\":\"https:\/\/buffetrossello.com\/fr\/accueil\/\"},{\"@type\":\"ListItem\",\"position\":2,\"name\":\"Localisation et contact\"}]},{\"@type\":\"WebSite\",\"@id\":\"https:\/\/buffetrossello.com\/fr\/#website\",\"url\":\"https:\/\/buffetrossello.com\/fr\/\",\"name\":\"Buffet Rossello\",\"description\":\"\",\"potentialAction\":[{\"@type\":\"SearchAction\",\"target\":{\"@type\":\"EntryPoint\",\"urlTemplate\":\"https:\/\/buffetrossello.com\/fr\/?s={search_term_string}\"},\"query-input\":\"required name=search_term_string\"}],\"inLanguage\":\"fr-FR\"}]}<\/script>\n<!-- \/ Yoast SEO plugin. -->","yoast_head_json":{"title":"Localisation et contact - Buffet Rossello","robots":{"index":"index","follow":"follow","max-snippet":"max-snippet:-1","max-image-preview":"max-image-preview:large","max-video-preview":"max-video-preview:-1"},"canonical":"https:\/\/buffetrossello.com\/fr\/localisation-et-contact\/","og_locale":"fr_FR","og_type":"article","og_title":"Localisation et contact - Buffet Rossello","og_description":"Commentaires et suggestions&#8230; Notre passion pour la nourriture nous incite \u00e0 proposer de nombreuses activit\u00e9s nouvelles, amusantes et passionnantes. des plats d\u00e9licieux sur la table.","og_url":"https:\/\/buffetrossello.com\/fr\/localisation-et-contact\/","og_site_name":"Buffet Rossello","article_modified_time":"2023-06-28T12:40:11+00:00","twitter_card":"summary_large_image","schema":{"@context":"https:\/\/schema.org","@graph":[{"@type":"WebPage","@id":"https:\/\/buffetrossello.com\/fr\/localisation-et-contact\/","url":"https:\/\/buffetrossello.com\/fr\/localisation-et-contact\/","name":"Localisation et contact - Buffet Rossello","isPartOf":{"@id":"https:\/\/buffetrossello.com\/fr\/#website"},"datePublished":"2021-02-18T13:44:53+00:00","dateModified":"2023-06-28T12:40:11+00:00","breadcrumb":{"@id":"https:\/\/buffetrossello.com\/fr\/localisation-et-contact\/#breadcrumb"},"inLanguage":"fr-FR","potentialAction":[{"@type":"ReadAction","target":["https:\/\/buffetrossello.com\/fr\/localisation-et-contact\/"]}]},{"@type":"BreadcrumbList","@id":"https:\/\/buffetrossello.com\/fr\/localisation-et-contact\/#breadcrumb","itemListElement":[{"@type":"ListItem","position":1,"name":"Portada","item":"https:\/\/buffetrossello.com\/fr\/accueil\/"},{"@type":"ListItem","position":2,"name":"Localisation et contact"}]},{"@type":"WebSite","@id":"https:\/\/buffetrossello.com\/fr\/#website","url":"https:\/\/buffetrossello.com\/fr\/","name":"Buffet Rossello","description":"","potentialAction":[{"@type":"SearchAction","target":{"@type":"EntryPoint","urlTemplate":"https:\/\/buffetrossello.com\/fr\/?s={search_term_string}"},"query-input":"required name=search_term_string"}],"inLanguage":"fr-FR"}]}},"_links":{"self":[{"href":"https:\/\/buffetrossello.com\/fr\/wp-json\/wp\/v2\/pages\/1067"}],"collection":[{"href":"https:\/\/buffetrossello.com\/fr\/wp-json\/wp\/v2\/pages"}],"about":[{"href":"https:\/\/buffetrossello.com\/fr\/wp-json\/wp\/v2\/types\/page"}],"author":[{"embeddable":true,"href":"https:\/\/buffetrossello.com\/fr\/wp-json\/wp\/v2\/users\/1"}],"replies":[{"embeddable":true,"href":"https:\/\/buffetrossello.com\/fr\/wp-json\/wp\/v2\/comments?post=1067"}],"version-history":[{"count":12,"href":"https:\/\/buffetrossello.com\/fr\/wp-json\/wp\/v2\/pages\/1067\/revisions"}],"predecessor-version":[{"id":1325,"href":"https:\/\/buffetrossello.com\/fr\/wp-json\/wp\/v2\/pages\/1067\/revisions\/1325"}],"wp:attachment":[{"href":"https:\/\/buffetrossello.com\/fr\/wp-json\/wp\/v2\/media?parent=1067"}],"curies":[{"name":"wp","href":"https:\/\/api.w.org\/{rel}","templated":true}]}}